{"id":12,"date":"2022-10-09T19:15:51","date_gmt":"2022-10-09T17:15:51","guid":{"rendered":"https:\/\/www.immo-entre-particuliers.com\/blog\/?page_id=12"},"modified":"2022-10-10T10:36:47","modified_gmt":"2022-10-10T08:36:47","slug":"home","status":"publish","type":"page","link":"https:\/\/www.immo-entre-particuliers.com\/blog\/","title":{"rendered":"Accueil"},"content":{"rendered":"\n<div class=\"wp-block-cover alignfull is-light hestia-clear-top-padding\"><span aria-hidden=\"true\" class=\"wp-block-cover__background has-white-background-color has-background-dim-100 has-background-dim\"><\/span><div class=\"wp-block-cover__inner-container is-layout-flow wp-block-cover-is-layout-flow\">\n<h2 class=\"has-text-align-center has-text-color wp-block-heading\" style=\"color:#3c4858\">Immo Entre Particuliers<\/h2>\n\n\n\n<div style=\"height:40px\" aria-hidden=\"true\" class=\"wp-block-spacer\"><\/div>\n\n\n\n<div class=\"wp-block-columns container is-layout-flex wp-container-core-columns-is-layout-9d6595d7 wp-block-columns-is-layout-flex\">\n<div class=\"wp-block-column is-layout-flow wp-block-column-is-layout-flow\"><div class=\"wp-block-image\">\n<figure class=\"aligncenter size-large\"><img decoding=\"async\" src=\"https:\/\/www.immo-entre-particuliers.com\/blog\/wp-content\/themes\/hestia\/assets\/img\/feat1.png\" alt=\"\" class=\"wp-image-70\"\/><\/figure>\n<\/div>\n\n\n<h5 class=\"has-text-align-center has-text-color wp-block-heading\" style=\"color:#3c4858;font-size:18px\">100% gratuit<\/h5>\n\n\n\n<p class=\"has-text-align-center has-text-color\" style=\"color:#999999;font-size:14px\">Annonces immobili\u00e8res gratuites de particuliers pour les particuliers.<\/p>\n\n\n\n<div style=\"height:25px\" aria-hidden=\"true\" class=\"wp-block-spacer\"><\/div>\n<\/div>\n\n\n\n<div class=\"wp-block-column is-layout-flow wp-block-column-is-layout-flow\"><div class=\"wp-block-image\">\n<figure class=\"aligncenter size-large\"><img decoding=\"async\" src=\"https:\/\/www.immo-entre-particuliers.com\/blog\/wp-content\/themes\/hestia\/assets\/img\/feat2.png\" alt=\"\" class=\"wp-image-71\"\/><\/figure>\n<\/div>\n\n\n<h5 class=\"has-text-align-center has-text-color wp-block-heading\" style=\"color:#3c4858;font-size:18px\">Annonces entre particuliers<\/h5>\n\n\n\n<p class=\"has-text-align-center has-text-color\" style=\"color:#999999;font-size:14px\">Site immobilier exclusivement entre particuliers.<\/p>\n\n\n\n<div style=\"height:25px\" aria-hidden=\"true\" class=\"wp-block-spacer\"><\/div>\n<\/div>\n\n\n\n<div class=\"wp-block-column is-layout-flow wp-block-column-is-layout-flow\"><div class=\"wp-block-image\">\n<figure class=\"aligncenter size-large\"><img decoding=\"async\" src=\"https:\/\/www.immo-entre-particuliers.com\/blog\/wp-content\/themes\/hestia\/assets\/img\/feat3.png\" alt=\"\" class=\"wp-image-72\"\/><\/figure>\n<\/div>\n\n\n<h5 class=\"has-text-align-center has-text-color wp-block-heading\" style=\"color:#3c4858;font-size:18px\">100% illimit\u00e9<\/h5>\n\n\n\n<p class=\"has-text-align-center has-text-color\" style=\"color:#999999;font-size:14px\">Illimit\u00e9 pour le nombre d&rsquo;annonces et pour la dur\u00e9e de publication.<\/p>\n\n\n\n<div style=\"height:25px\" aria-hidden=\"true\" class=\"wp-block-spacer\"><\/div>\n<\/div>\n<\/div>\n\n\n\n<div style=\"height:40px\" aria-hidden=\"true\" class=\"wp-block-spacer\"><\/div>\n<\/div><\/div>\n\n\n\n<div class=\"wp-block-columns container is-layout-flex wp-container-core-columns-is-layout-9d6595d7 wp-block-columns-is-layout-flex\">\n<div class=\"wp-block-column col-md-5 is-layout-flow wp-block-column-is-layout-flow\">\n<div style=\"height:55px\" aria-hidden=\"true\" class=\"wp-block-spacer\"><\/div>\n\n\n\n<h2 class=\"wp-block-heading\">Annoncez gratuitement<\/h2>\n\n\n\n<p><a href=\"\/passer-une-annonce-gratuite\">Publiez gratuitement<\/a> vos annonces immobili\u00e8res jusqu&rsquo;\u00e0 la vente ! Retrouvez sur <a href=\"\/blog\/\">notre blog<\/a> des conseils et informations utiles pour r\u00e9ussir la vente de votre bien immobilier!  <\/p>\n<\/div>\n\n\n\n<div class=\"wp-block-column col-md-6 col-md-offset1 is-layout-flow wp-block-column-is-layout-flow\">\n<div style=\"height:55px\" aria-hidden=\"true\" class=\"wp-block-spacer\"><\/div>\n\n\n\n<figure class=\"wp-block-image size-large\"><img loading=\"lazy\" decoding=\"async\" width=\"1024\" height=\"683\" src=\"https:\/\/www.immo-entre-particuliers.com\/blog\/wp-content\/uploads\/2022\/10\/immo-maison-cles-1024x683.jpg\" alt=\"\" class=\"wp-image-64\" srcset=\"https:\/\/www.immo-entre-particuliers.com\/blog\/wp-content\/uploads\/2022\/10\/immo-maison-cles-1024x683.jpg 1024w, https:\/\/www.immo-entre-particuliers.com\/blog\/wp-content\/uploads\/2022\/10\/immo-maison-cles-300x200.jpg 300w, https:\/\/www.immo-entre-particuliers.com\/blog\/wp-content\/uploads\/2022\/10\/immo-maison-cles-768x512.jpg 768w, https:\/\/www.immo-entre-particuliers.com\/blog\/wp-content\/uploads\/2022\/10\/immo-maison-cles-1536x1024.jpg 1536w, https:\/\/www.immo-entre-particuliers.com\/blog\/wp-content\/uploads\/2022\/10\/immo-maison-cles-2048x1365.jpg 2048w, https:\/\/www.immo-entre-particuliers.com\/blog\/wp-content\/uploads\/2022\/10\/immo-maison-cles-360x240.jpg 360w\" sizes=\"auto, (max-width: 1024px) 100vw, 1024px\" \/><\/figure>\n\n\n\n<p><\/p>\n<\/div>\n<\/div>\n","protected":false},"excerpt":{"rendered":"<p>Annoncez gratuitement Publiez gratuitement vos annonces immobili\u00e8res jusqu&rsquo;\u00e0 la vente ! Retrouvez sur notre blog des conseils et informations utiles pour r\u00e9ussir la vente de votre bien immobilier!<\/p>\n","protected":false},"author":1,"featured_media":43,"parent":0,"menu_order":0,"comment_status":"closed","ping_status":"closed","template":"","meta":{"footnotes":""},"class_list":["post-12","page","type-page","status-publish","has-post-thumbnail","hentry"],"_links":{"self":[{"href":"https:\/\/www.immo-entre-particuliers.com\/blog\/wp-json\/wp\/v2\/pages\/12","targetHints":{"allow":["GET"]}}],"collection":[{"href":"https:\/\/www.immo-entre-particuliers.com\/blog\/wp-json\/wp\/v2\/pages"}],"about":[{"href":"https:\/\/www.immo-entre-particuliers.com\/blog\/wp-json\/wp\/v2\/types\/page"}],"author":[{"embeddable":true,"href":"https:\/\/www.immo-entre-particuliers.com\/blog\/wp-json\/wp\/v2\/users\/1"}],"replies":[{"embeddable":true,"href":"https:\/\/www.immo-entre-particuliers.com\/blog\/wp-json\/wp\/v2\/comments?post=12"}],"version-history":[{"count":5,"href":"https:\/\/www.immo-entre-particuliers.com\/blog\/wp-json\/wp\/v2\/pages\/12\/revisions"}],"predecessor-version":[{"id":67,"href":"https:\/\/www.immo-entre-particuliers.com\/blog\/wp-json\/wp\/v2\/pages\/12\/revisions\/67"}],"wp:featuredmedia":[{"embeddable":true,"href":"https:\/\/www.immo-entre-particuliers.com\/blog\/wp-json\/wp\/v2\/media\/43"}],"wp:attachment":[{"href":"https:\/\/www.immo-entre-particuliers.com\/blog\/wp-json\/wp\/v2\/media?parent=12"}],"curies":[{"name":"wp","href":"https:\/\/api.w.org\/{rel}","templated":true}]}}